{"id":8049,"date":"2018-04-06T12:14:28","date_gmt":"2018-04-06T12:14:28","guid":{"rendered":"http:\/\/wordpress.gurbuz.net\/?page_id=8049"},"modified":"2019-03-18T07:27:19","modified_gmt":"2019-03-18T07:27:19","slug":"bilgi-ile-ilgili-sesli-kutuphane","status":"publish","type":"page","link":"http:\/\/wordpress.gurbuz.net\/?page_id=8049","title":{"rendered":"Bilgi ile ilgili sesli k\u00fct\u00fcphane"},"content":{"rendered":"<p>Akl\u0131n yolu BIR<br \/>\nBen Allah\u2019\u0131n kelam\u0131n\u0131 ay\u0131ramam\u2026<br \/>\nAma\u2026<br \/>\n\u0130nsan ay\u0131rabilirim pek\u00e2l\u00e2\u2026<br \/>\n\u0130nsansa kar\u015f\u0131mdaki\u2026<br \/>\nY\u00fcre\u011fimde, kula\u011f\u0131mda, mant\u0131\u011f\u0131mda onunum&#8230;<br \/>\nYeter ki seviyeli bir \u015fekilde konu\u015fabilelim.<\/p>\n<p>Allaha giden yol\u2026<br \/>\nC\u00fczdandan, dilden ge\u00e7mez\u2026<br \/>\nY\u00fcrekten ge\u00e7er, ruha i\u015fler s\u00f6zleri, kalbe oradan akl\u0131 denilene\u2026<br \/>\nSa\u011f\u0131m\u0131zda ve solumuzda olmak \u00fczere iki melaike\u2026<br \/>\nOrtas\u0131nda sen\u2026<br \/>\nVicdan\u0131nla birlikte!<\/p>\n<p>****************<br \/>\n<iframe loading=\"lazy\" width=\"525\" height=\"295\" src=\"https:\/\/www.youtube.com\/embed\/sOY_dWUpK8w?feature=oembed\" frameborder=\"0\" allow=\"accelerometer; autoplay; encrypted-media; gyroscope; picture-in-picture\" allowfullscreen><\/iframe><br \/>\n        *<br \/>\n<strong>\u00c7ocu\u011funuz i\u00e7in, l\u00fctfen izletin<\/strong><br \/>\n<iframe loading=\"lazy\" width=\"525\" height=\"295\" src=\"https:\/\/www.youtube.com\/embed\/ac_TbXYdy28?feature=oembed\" frameborder=\"0\" allow=\"accelerometer; autoplay; encrypted-media; gyroscope; picture-in-picture\" allowfullscreen><\/iframe><br \/>\n****************<\/p>\n<p><iframe loading=\"lazy\" width=\"525\" height=\"394\" src=\"https:\/\/www.youtube.com\/embed\/Mky-UIYkGzo?feature=oembed\" frameborder=\"0\" allow=\"accelerometer; autoplay; encrypted-media; gyroscope; picture-in-picture\" allowfullscreen><\/iframe><\/p>\n<p><iframe loading=\"lazy\" width=\"525\" height=\"295\" src=\"https:\/\/www.youtube.com\/embed\/vafC6S5Z57I?feature=oembed\" frameborder=\"0\" allow=\"accelerometer; autoplay; encrypted-media; gyroscope; picture-in-picture\" allowfullscreen><\/iframe><\/p>\n<p>****************<\/p>\n<p><iframe loading=\"lazy\" width=\"525\" height=\"295\" src=\"https:\/\/www.youtube.com\/embed\/KoV0whEC5OI?feature=oembed\" frameborder=\"0\" allow=\"autoplay; encrypted-media\" allowfullscreen><\/iframe><br \/>\n<iframe loading=\"lazy\" width=\"525\" height=\"295\" src=\"https:\/\/www.youtube.com\/embed\/FzhKelG4EJo?start=13&#038;feature=oembed\" frameborder=\"0\" allow=\"autoplay; encrypted-media\" allowfullscreen><\/iframe><\/p>\n<p>****************<br \/>\n<iframe loading=\"lazy\" width=\"525\" height=\"295\" src=\"https:\/\/www.youtube.com\/embed\/FJT6XZb-Wks?feature=oembed\" frameborder=\"0\" allow=\"accelerometer; autoplay; encrypted-media; gyroscope; picture-in-picture\" allowfullscreen><\/iframe><br \/>\n****************<\/p>\n<p><iframe loading=\"lazy\" width=\"525\" height=\"295\" src=\"https:\/\/www.youtube.com\/embed\/DOXRiKGtfCA?feature=oembed\" frameborder=\"0\" allow=\"autoplay; encrypted-media\" allowfullscreen><\/iframe><br \/>\n<iframe loading=\"lazy\" width=\"525\" height=\"295\" src=\"https:\/\/www.youtube.com\/embed\/xjUeRLpMxLI?feature=oembed\" frameborder=\"0\" allow=\"accelerometer; autoplay; encrypted-media; gyroscope; picture-in-picture\" allowfullscreen><\/iframe><br \/>\n<iframe loading=\"lazy\" width=\"525\" height=\"394\" src=\"https:\/\/www.youtube.com\/embed\/buKLfdao-P4?feature=oembed\" frameborder=\"0\" allow=\"accelerometer; autoplay; encrypted-media; gyroscope; picture-in-picture\" allowfullscreen><\/iframe><br \/>\n<iframe loading=\"lazy\" width=\"525\" height=\"394\" src=\"https:\/\/www.youtube.com\/embed\/MO0AfYA-jhw?feature=oembed\" frameborder=\"0\" allow=\"accelerometer; autoplay; encrypted-media; gyroscope; picture-in-picture\" allowfullscreen><\/iframe><\/p>\n<p>****************<br \/>\n<iframe loading=\"lazy\" width=\"525\" height=\"295\" src=\"https:\/\/www.youtube.com\/embed\/videoseries?list=PLPUO9OI1cBdyL-f2wWqh55fW34mO-a000\" frameborder=\"0\" allow=\"autoplay; encrypted-media\" allowfullscreen><\/iframe><br \/>\n<iframe loading=\"lazy\" width=\"525\" height=\"295\" src=\"https:\/\/www.youtube.com\/embed\/DaCPqAHwL2A?start=8&#038;feature=oembed\" frameborder=\"0\" allow=\"autoplay; encrypted-media\" allowfullscreen><\/iframe><br \/>\n<iframe loading=\"lazy\" width=\"525\" height=\"295\" src=\"https:\/\/www.youtube.com\/embed\/qxIhrquGaho?start=5&#038;feature=oembed\" frameborder=\"0\" allow=\"autoplay; encrypted-media\" allowfullscreen><\/iframe><br \/>\n****************<br \/>\n<iframe loading=\"lazy\" width=\"525\" height=\"295\" src=\"https:\/\/www.youtube.com\/embed\/-wu2zKWcsaM?feature=oembed\" frameborder=\"0\" allow=\"accelerometer; autoplay; encrypted-media; gyroscope; picture-in-picture\" allowfullscreen><\/iframe><br \/>\n<iframe loading=\"lazy\" width=\"525\" height=\"295\" src=\"https:\/\/www.youtube.com\/embed\/CaX6v1_K5kY?feature=oembed\" frameborder=\"0\" allow=\"accelerometer; autoplay; encrypted-media; gyroscope; picture-in-picture\" allowfullscreen><\/iframe><br \/>\n****************<br \/>\n<iframe loading=\"lazy\" width=\"525\" height=\"295\" src=\"https:\/\/www.youtube.com\/embed\/Kr9t0FnjzA0?feature=oembed\" frameborder=\"0\" allow=\"accelerometer; autoplay; encrypted-media; gyroscope; picture-in-picture\" allowfullscreen><\/iframe><br \/>\n<iframe loading=\"lazy\" width=\"525\" height=\"295\" src=\"https:\/\/www.youtube.com\/embed\/h_Q1Fy62bSs?feature=oembed\" frameborder=\"0\" allow=\"accelerometer; autoplay; encrypted-media; gyroscope; picture-in-picture\" allowfullscreen><\/iframe><br \/>\n<iframe loading=\"lazy\" width=\"525\" height=\"295\" src=\"https:\/\/www.youtube.com\/embed\/X9RF_MLu9gM?feature=oembed\" frameborder=\"0\" allow=\"accelerometer; autoplay; encrypted-media; gyroscope; picture-in-picture\" allowfullscreen><\/iframe><br \/>\n****************<br \/>\n<iframe loading=\"lazy\" width=\"525\" height=\"295\" src=\"https:\/\/www.youtube.com\/embed\/5z87hDKchw0?feature=oembed\" frameborder=\"0\" allow=\"autoplay; encrypted-media\" allowfullscreen><\/iframe><br \/>\n<iframe loading=\"lazy\" width=\"525\" height=\"394\" src=\"https:\/\/www.youtube.com\/embed\/Yjb0CF07qw8?feature=oembed\" frameborder=\"0\" allow=\"autoplay; encrypted-media\" allowfullscreen><\/iframe><br \/>\n****************<br \/>\n<iframe loading=\"lazy\" width=\"525\" height=\"295\" src=\"https:\/\/www.youtube.com\/embed\/25lGsbHFjek?feature=oembed\" frameborder=\"0\" allow=\"autoplay; encrypted-media\" allowfullscreen><\/iframe><br \/>\n<iframe loading=\"lazy\" width=\"525\" height=\"295\" src=\"https:\/\/www.youtube.com\/embed\/Bd4t7Jlm_Uk?feature=oembed\" frameborder=\"0\" allow=\"autoplay; encrypted-media\" allowfullscreen><\/iframe><br \/>\n<iframe loading=\"lazy\" width=\"525\" height=\"295\" src=\"https:\/\/www.youtube.com\/embed\/WeKgV8h5C_g?feature=oembed\" frameborder=\"0\" allow=\"autoplay; encrypted-media\" allowfullscreen><\/iframe><br \/>\n<iframe loading=\"lazy\" width=\"525\" height=\"295\" src=\"https:\/\/www.youtube.com\/embed\/ycfwKx3lnSA?feature=oembed\" frameborder=\"0\" allow=\"autoplay; encrypted-media\" allowfullscreen><\/iframe><br \/>\n****************<\/p>\n","protected":false},"excerpt":{"rendered":"<p>Akl\u0131n yolu BIR Ben Allah\u2019\u0131n kelam\u0131n\u0131 ay\u0131ramam\u2026 Ama\u2026 \u0130nsan ay\u0131rabilirim pek\u00e2l\u00e2\u2026 \u0130nsansa kar\u015f\u0131mdaki\u2026 Y\u00fcre\u011fimde, kula\u011f\u0131mda, mant\u0131\u011f\u0131mda onunum&#8230; Yeter ki seviyeli bir \u015fekilde konu\u015fabilelim. Allaha giden yol\u2026 C\u00fczdandan, dilden ge\u00e7mez\u2026 Y\u00fcrekten ge\u00e7er, ruha i\u015fler s\u00f6zleri, kalbe oradan akl\u0131 denilene\u2026 Sa\u011f\u0131m\u0131zda ve solumuzda olmak \u00fczere iki melaike\u2026 Ortas\u0131nda sen\u2026 Vicdan\u0131nla birlikte! **************** * \u00c7ocu\u011funuz i\u00e7in, l\u00fctfen izletin &hellip; <\/p>\n<p class=\"link-more\"><a href=\"http:\/\/wordpress.gurbuz.net\/?page_id=8049\" class=\"more-link\"><span class=\"screen-reader-text\">\u201eBilgi ile ilgili sesli k\u00fct\u00fcphane\u201c<\/span> weiterlesen<\/a><\/p>\n","protected":false},"author":1,"featured_media":0,"parent":0,"menu_order":0,"comment_status":"closed","ping_status":"closed","template":"","meta":[],"_links":{"self":[{"href":"http:\/\/wordpress.gurbuz.net\/index.php?rest_route=\/wp\/v2\/pages\/8049"}],"collection":[{"href":"http:\/\/wordpress.gurbuz.net\/index.php?rest_route=\/wp\/v2\/pages"}],"about":[{"href":"http:\/\/wordpress.gurbuz.net\/index.php?rest_route=\/wp\/v2\/types\/page"}],"author":[{"embeddable":true,"href":"http:\/\/wordpress.gurbuz.net\/index.php?rest_route=\/wp\/v2\/users\/1"}],"replies":[{"embeddable":true,"href":"http:\/\/wordpress.gurbuz.net\/index.php?rest_route=%2Fwp%2Fv2%2Fcomments&post=8049"}],"version-history":[{"count":24,"href":"http:\/\/wordpress.gurbuz.net\/index.php?rest_route=\/wp\/v2\/pages\/8049\/revisions"}],"predecessor-version":[{"id":20298,"href":"http:\/\/wordpress.gurbuz.net\/index.php?rest_route=\/wp\/v2\/pages\/8049\/revisions\/20298"}],"wp:attachment":[{"href":"http:\/\/wordpress.gurbuz.net\/index.php?rest_route=%2Fwp%2Fv2%2Fmedia&parent=8049"}],"curies":[{"name":"wp","href":"https:\/\/api.w.org\/{rel}","templated":true}]}}