{"id":36,"date":"2017-03-17T15:09:28","date_gmt":"2017-03-17T15:09:28","guid":{"rendered":"http:\/\/wordpress.gurbuz.net\/?page_id=36"},"modified":"2017-03-17T15:14:55","modified_gmt":"2017-03-17T15:14:55","slug":"cok-oenemli-linkler","status":"publish","type":"page","link":"http:\/\/wordpress.gurbuz.net\/?page_id=36","title":{"rendered":"\u00c7ok \u00f6nemli linkler"},"content":{"rendered":"<p><strong>Kurulu\u015flar:<\/strong><\/p>\n<p>RAND Corporation<\/p>\n<p>RAND \u015firketi (Ara\u015ft\u0131rma ve Geli\u015ftirme anlam\u0131nda, \u0130ngilizce Research ANd Development ba\u015fharflerinden) ilk \u00f6nceleri Amerika Birle\u015fik Devletleri silahl\u0131 kuvvetleri i\u00e7in ara\u015ft\u0131rma ve geli\u015ftirme yapmas\u0131 maksad\u0131yla 1946 y\u0131l\u0131nda Project RAND ismiyle Douglas Havac\u0131l\u0131k \u015eirketi taraf\u0131ndan ABD Santa Monica&#8217;da kurulmu\u015f, sonra 1948 y\u0131l\u0131nda ana \u015firket b\u00fcnyesinden ayr\u0131lm\u0131\u015f, k\u00e2r amac\u0131 g\u00fctmeyen d\u00fcnya \u00e7ap\u0131nda siyasi strateji ve d\u00fc\u015f\u00fcnce kurulu\u015fu.[1]<br \/>\nOrganizasyon ABD h\u00fck\u00fcmetine, Milli g\u00fcvenlik konular\u0131nda stratejiler \u00fcretme konular\u0131ndaki \u00e7al\u0131\u015fmalar\u0131n\u0131 yo\u011funla\u015ft\u0131rm\u0131\u015ft\u0131r. \u015eirket e\u011fitim, sa\u011fl\u0131k, hukuk ve bilim alanlar\u0131nda da ara\u015ft\u0131rmalar yapmaktad\u0131r.<br \/>\nRAND&#8217;\u0131n yakla\u015f\u0131k 1.700 \u00e7al\u0131\u015fan\u0131 vard\u0131r ve Santa Monica, Kaliforniya (merkezi), Washington D.C., Pittsburgh, Pennysylvania (Carnegie Mellon \u00dcniversitesi ve Pittsburgh \u00dcniversitesi&#8217;ne biti\u015fik), Cambridge (\u0130ngiltere) ve Br\u00fcksel (Bel\u00e7ika&#8217;da) ofisleri bulunmaktad\u0131r. Ayr\u0131ca ABD&#8217;de daha ba\u015fka k\u00fc\u00e7\u00fck ofisleri bulunmaktad\u0131r: Jackson Missisippi&#8217;de ve New Orleans Lousiana&#8217;da K\u00f6rfez Eyaletleri Politikalar\u0131 Enstit\u00fcs\u00fc, 2003 y\u0131l\u0131ndan beridir Doha&#8217;da (Katar) RAND-Katar Politikalar\u0131 Enstit\u00fcs\u00fc bulunmaktad\u0131r.<\/p>\n<p><a href=\"http:\/\/www.rand.org\/about\/glance.html\" target=\"_blank\">HomePage<\/a><\/p>\n<p>T\u00fcrkiye ile ilgili:<br \/>\n<a href=\"http:\/\/www.rand.org\/topics\/turkey.html\" target=\"_blank\">oku<\/a><\/p>\n<p><strong>Ki\u015filer:<\/strong><\/p>\n<p>Graham E. Fuller<\/p>\n<p>Graham E. Fuller Amerikan RAND Corporation d\u00fc\u015f\u00fcnce kurulu\u015funun daimi politik dan\u0131\u015fman\u0131, ABD Merkezi Haberlama Te\u015fkilat\u0131&#8217;n\u0131n (CIA) Milli Haberlama Konseyi (\u0130ngilizce:National Intelligence Council) eski ba\u015fkan yard\u0131mc\u0131s\u0131, yazar, ABD&#8217;li devlet g\u00f6revlisi.<br \/>\nHarvard \u00dcniversitesi&#8217;nden Rusya ve Orta Do\u011fu \u00e7al\u0131\u015fmalar\u0131 ile BA ve MA dereceleri ald\u0131. 20 y\u0131ll\u0131k d\u0131\u015fi\u015fleri g\u00f6revlerinin 17 senesini Almanya, T\u00fcrkiye, L\u00fcbnan, Suudi Arabistan, Kuzey Yemen, Afganistan, Hong Kong gibi \u00fclkelerde hizmet ederek ge\u00e7irdi. 1982 y\u0131l\u0131nda Yak\u0131n Do\u011fu ve G\u00fcney Asya&#8217;dan sorumlu CIA&#8217;n\u0131n Milli Haberalma g\u00f6revine atand\u0131. 1986 y\u0131l\u0131nda ulusal seviyede stratejik tahminler umumi sorumlusu olarak CIA Milli Haberalma Konseyi ba\u015fkan yard\u0131mc\u0131l\u0131\u011f\u0131na getirildi.<br \/>\n1988 y\u0131l\u0131nda do\u011frudan devlet ile \u00e7al\u0131\u015fmalar\u0131n\u0131 sonland\u0131ran Fuller, RAND \u015eirketine esas olarak Orta Do\u011fu, Orta Asya, G\u00fcney ve G\u00fcneydo\u011fu Asya ve Sovyetler Birli\u011fi etnik problemleri ile ilgili \u00e7al\u0131\u015fmalar yapmak g\u00f6reviyle kat\u0131ld\u0131.<br \/>\nFuller, Fethullah G\u00fclen\u2019in ABD\u2019deki Ye\u015fil Kart ba\u015fvuru s\u00fcrecinde G\u00fclen\u2019in Amerika i\u00e7in bir g\u00fcvenlik tehdidi veya radikal bir unsur oldu\u011funa inanmad\u0131\u011f\u0131n\u0131 anlatan bir mektup teminat\/kefalet mektubu vererek G\u00fclen\u2019in ABD de kalmas\u0131n\u0131 sa\u011flayan ki\u015filerin aras\u0131ndad\u0131r.[1][2]<br \/>\n15 Nisan 2013 tarihinde Boston Maratonu bombal\u0131 sald\u0131r\u0131s\u0131n\u0131 ger\u00e7ekle\u015ftiren \u00c7e\u00e7en as\u0131ll\u0131 Tsarnaev karde\u015flerin amcalar\u0131 olan Ruslan Tsarnaev\u2019in Fuller&#8217;\u0131n k\u0131z\u0131 Samantha Ankara Fuller ile 1996-2004 y\u0131llar\u0131 aras\u0131nda evli oldu\u011fu, ABD&#8217;li \u00fcnl\u00fc gazeteci Daniel Hopsicker taraf\u0131ndan Mad Cow Morning News gazetesinde yaz\u0131lm\u0131\u015ft\u0131r. Haberde ayr\u0131ca Fuller ile eski damad\u0131 aras\u0131nda akrabal\u0131k ba\u011flar\u0131n\u0131n \u00f6tesinde i\u015f ortakl\u0131klar\u0131 da oldu\u011fu belirtilmi\u015ftir.[3]<br \/>\nRus\u00e7a, T\u00fcrk\u00e7e, Arap\u00e7a ve \u00c7ince bilmektedir. Ayr\u0131ca Yabanc\u0131 Dil Nas\u0131l \u00d6\u011frenilir isimli pop\u00fcler kitab\u0131n yazar\u0131d\u0131r. Baz\u0131 iddialara g\u00f6re, Kurtlar Vadisi Pusu adl\u0131 televizyon dizisindeki Aron Feller karakteri Graham Fuller&#8217;i temsil etmektedir.<\/p>\n<p><a href=\"http:\/\/grahamefuller.com\/\" target=\"_blank\">HomePage<\/a><\/p>\n<p>T\u00fcrkiye ile ilgili:<br \/>\n<a href=\"http:\/\/grahamefuller.com\/tag\/turkey\/\" target=\"_blank\">oku<\/a><br \/>\nErdo\u011fan ile ilgili<br \/>\n<a href=\"http:\/\/grahamefuller.com\/tag\/erdogan\/\" target=\"_blank\">oku<\/a><\/p>\n","protected":false},"excerpt":{"rendered":"<p>Kurulu\u015flar: RAND Corporation RAND \u015firketi (Ara\u015ft\u0131rma ve Geli\u015ftirme anlam\u0131nda, \u0130ngilizce Research ANd Development ba\u015fharflerinden) ilk \u00f6nceleri Amerika Birle\u015fik Devletleri silahl\u0131 kuvvetleri i\u00e7in ara\u015ft\u0131rma ve geli\u015ftirme yapmas\u0131 maksad\u0131yla 1946 y\u0131l\u0131nda Project RAND ismiyle Douglas Havac\u0131l\u0131k \u015eirketi taraf\u0131ndan ABD Santa Monica&#8217;da kurulmu\u015f, sonra 1948 y\u0131l\u0131nda ana \u015firket b\u00fcnyesinden ayr\u0131lm\u0131\u015f, k\u00e2r amac\u0131 g\u00fctmeyen d\u00fcnya \u00e7ap\u0131nda siyasi strateji ve &hellip; <\/p>\n<p class=\"link-more\"><a href=\"http:\/\/wordpress.gurbuz.net\/?page_id=36\" class=\"more-link\"><span class=\"screen-reader-text\">\u201e\u00c7ok \u00f6nemli linkler\u201c<\/span> weiterlesen<\/a><\/p>\n","protected":false},"author":1,"featured_media":0,"parent":0,"menu_order":0,"comment_status":"closed","ping_status":"closed","template":"","meta":[],"_links":{"self":[{"href":"http:\/\/wordpress.gurbuz.net\/index.php?rest_route=\/wp\/v2\/pages\/36"}],"collection":[{"href":"http:\/\/wordpress.gurbuz.net\/index.php?rest_route=\/wp\/v2\/pages"}],"about":[{"href":"http:\/\/wordpress.gurbuz.net\/index.php?rest_route=\/wp\/v2\/types\/page"}],"author":[{"embeddable":true,"href":"http:\/\/wordpress.gurbuz.net\/index.php?rest_route=\/wp\/v2\/users\/1"}],"replies":[{"embeddable":true,"href":"http:\/\/wordpress.gurbuz.net\/index.php?rest_route=%2Fwp%2Fv2%2Fcomments&post=36"}],"version-history":[{"count":3,"href":"http:\/\/wordpress.gurbuz.net\/index.php?rest_route=\/wp\/v2\/pages\/36\/revisions"}],"predecessor-version":[{"id":39,"href":"http:\/\/wordpress.gurbuz.net\/index.php?rest_route=\/wp\/v2\/pages\/36\/revisions\/39"}],"wp:attachment":[{"href":"http:\/\/wordpress.gurbuz.net\/index.php?rest_route=%2Fwp%2Fv2%2Fmedia&parent=36"}],"curies":[{"name":"wp","href":"https:\/\/api.w.org\/{rel}","templated":true}]}}