{"id":27,"date":"2017-03-16T08:25:55","date_gmt":"2017-03-16T08:25:55","guid":{"rendered":"http:\/\/wordpress.gurbuz.net\/?page_id=27"},"modified":"2018-01-05T13:24:19","modified_gmt":"2018-01-05T13:24:19","slug":"bilisim-cok-oenemli-luetfen-dikkate-alin","status":"publish","type":"page","link":"http:\/\/wordpress.gurbuz.net\/?page_id=27","title":{"rendered":"Bili\u015fim \u2013 \u00c7ok \u00f6nemli l\u00fctfen dikkate al\u0131n"},"content":{"rendered":"<p>19.04.2017<\/p>\n<p>Ben ger\u00e7ekten hi\u00e7bir kelimeyi bile bo\u015funa kullanmam ne nokta koyar\u0131m ne virg\u00fcl. Bir \u015fey yap\u0131yorsam bo\u015funa yapmam. Evlat hep kavga eder benimle baba neden Windows Phone diye. IPhone da kullanabilirim AMA profesyonel yaz\u0131l\u0131m eksikli\u011fi. G\u00fcvenlik a\u00e7\u0131s\u0131ndan ikisi de e\u015fde\u011ferde. Hatta Appel bir ad\u0131m \u00f6nde. Buna ra\u011fmen yan\u0131mda, cebimde \u00f6yle bilgiler ta\u015f\u0131yorum ki herkesin eline ge\u00e7memesi gereken cinsten. H\u0131rs\u0131zl\u0131k\u2026<br \/>\nKaybetme durumu. Akl\u0131n\u0131zda olsun g\u00fcvenlik denildi\u011finde, cepte ya IPhone veya Windows Phone!<\/p>\n<p><a href=\"https:\/\/wpgadgets.wordpress.com\/2015\/11\/09\/hacker-bestaetigt-windows-phone-sicherstes-mobiles-betriebssystem\/\" target=\"_blank\" rel=\"noopener\">oku<\/a><\/p>\n<p>04.01.2018<\/p>\n<p>Kafay\u0131 \u00e7al\u0131\u015ft\u0131ran benden \u00f6\u011frenebilir\u2026<br \/>\nBazen\u2026<br \/>\nNadiren a\u00e7\u0131k a\u00e7\u0131k yazamam, s\u00f6yleyemem s\u00f6ylemem gerekeni\u2026<br \/>\nEvet, korkuyorum\u2026<br \/>\nYOK Recep Tayyip Erdo\u011fan ve tayfalar\u0131ndan de\u011fil, namussuzlardan\u2026<br \/>\nOndan bundan\u2026<br \/>\nAma viran olas\u0131 hanede evlad-\u00fc iyal var\u2026<br \/>\nBir\u2026<br \/>\n\u0130kincisi el, ekmek tutmaz oldu\u2026<br \/>\nMedeni cesaret ba\u015fka, yeri ve zaman\u0131nda\u2026<br \/>\nBirde yapt\u0131\u011f\u0131m\u0131n sorumlulu\u011funu \u00fcstlendi\u011fim zaman bana bir \u015fey vermeli\u2026<br \/>\nYOK, yine yok maddiyat falan de\u011fil, manevi bir haz vermeli, benim i\u00e7in ve kar\u015f\u0131mdaki i\u00e7in de\u011fmeli\u2026<br \/>\nBu y\u00fczden kimi \u015feyi a\u00e7\u0131k a\u00e7\u0131k yazamam\u2026<br \/>\nKafay\u0131 \u00e7al\u0131\u015ft\u0131racaks\u0131n karde\u015fim, bu \u00e7eyrek bunu buraya yazd\u0131ysa var bir nedeni(!)<\/p>\n<p>Hani Tarzan gibi\u2026<br \/>\n\u0130nternette s\u00f6rf edersin ya, daldan dala, siteden siteye\u2026<br \/>\nG\u00f6receksin\u2026<br \/>\nAnlayacaks\u0131n\u2026<br \/>\nBileceksin\u2026<br \/>\nNOKTA!<\/p>\n<p>Asl\u0131nda evlat i\u00e7indir yapt\u0131\u011f\u0131m\u2026<br \/>\nEvlatlar i\u00e7in\u2026<br \/>\nEme\u011fim, yazm\u0131\u015f\u0131md\u0131r evvelsi, herkes benim gibi aptal de\u011fil bedava versin\u2026<br \/>\n\u0130nternettin eskisiyim, eski korsanlardan\u2026<br \/>\nA\u00e7\u0131l\u0131r\u0131m engin denizlere, ganimet pe\u015finde\u2026<br \/>\n\u00c7almam, h\u0131rs\u0131zl\u0131k yap\u0131yorum da denmez asl\u0131nda, vicdanim rahat olmasa da\u2026<br \/>\nAMA internetin eskileri anlar beni, her \u015fey bedavaaa&#8230;<br \/>\n\u0130syand\u0131r anlayaca\u011f\u0131n, anar\u015fi(!!!)<\/p>\n<p>Eme\u011fe sayg\u0131m sonsuz\u2026<br \/>\n\u0130ki kelimeyi bir araya getirmenin zorlu\u011funu bilirim\u2026<br \/>\nBilgi\u2026<br \/>\nDamlaya damlaya g\u00f6l olur, tecr\u00fcbe damla damla olu\u015fur\u2026<br \/>\nH\u0131rs\u0131zl\u0131ksa yapt\u0131\u011f\u0131m, \u00e7almaksa\u2026<br \/>\nParas\u0131z pulsuz evlad\u0131 d\u00fc\u015f\u00fcn\u00fcr\u00fcm\u2026<br \/>\nBilgi\u2026<br \/>\nSalt zenginin, imk\u00e2n\u0131 olan\u0131n olmamal\u0131 diye avunurum!<\/p>\n<p>Bug\u00fcn veya y\u00e2rin bak bili\u015fim vara\u011f\u0131na\u2026<br \/>\nAnlayana, kavrayana!<\/p>\n<p><strong>Academia<\/strong><br \/>\n<a href=\"https:\/\/www.academia.edu\/\" target=\"_blank\" rel=\"noopener\">gir<\/a><br \/>\n<strong>Academia Research<\/strong><br \/>\n<a href=\"http:\/\/www.academia.edu\/Documents\/in\/Academia_Research\" target=\"_blank\" rel=\"noopener\">gir<\/a><\/p>\n<p><strong>Issuu: Digital Publishing Platform for Magazines, Catalogs, and more<\/strong><br \/>\n<a href=\"https:\/\/issuu.com\/\" target=\"_blank\" rel=\"noopener\">gir<\/a><br \/>\n<a href=\"https:\/\/www.robsonmartins.com\/inform\/issuu\/\" target=\"_blank\" rel=\"noopener\">Issuu Publication Downloader<\/a><\/p>\n<p><strong>Scribd Research<\/strong><br \/>\n<a href=\"https:\/\/de.scribd.com\/explore\" target=\"_blank\" rel=\"noopener\">gir<\/a><br \/>\n<a href=\"https:\/\/docdownloader.com\/\" target=\"_blank\" rel=\"noopener\">Scribd Digital Publishing Downloader<\/a><\/p>\n<p><strong>Google Books<\/strong><br \/>\n<a href=\"https:\/\/books.google.de\/\" rel=\"noopener\" target=\"_blank\">incele<\/a><\/p>\n<p>&#8212;<\/p>\n<p><a href=\"https:\/\/www.plagtracker.com\/upload\/\" rel=\"noopener\" target=\"_blank\">PlagTracker<\/a><\/p>\n<p><a href=\"https:\/\/www.quetext.com\/\" rel=\"noopener\" target=\"_blank\">Plagiarism Checker<\/a><\/p>\n<p><a href=\"https:\/\/toolkit.thepensters.com\/free-plagiarism-checker-for-students-online.html\" rel=\"noopener\" target=\"_blank\">Free Plagiarism Detector<\/a><\/p>\n<p>&#8212;<\/p>\n<p><strong>Public DataBase<\/strong><\/p>\n<p><a href=\"https:\/\/bibliotek.dk\/eng\" rel=\"noopener\" target=\"_blank\">ara<\/a><\/p>\n<p><a href=\"http:\/\/atelim.com\/kamuya-acik-dijital-kaynaklarin-linkleri.html?part=10\" rel=\"noopener\" target=\"_blank\">\u00dccretsiz bilgi bankalari<\/a><\/p>\n","protected":false},"excerpt":{"rendered":"<p>19.04.2017 Ben ger\u00e7ekten hi\u00e7bir kelimeyi bile bo\u015funa kullanmam ne nokta koyar\u0131m ne virg\u00fcl. Bir \u015fey yap\u0131yorsam bo\u015funa yapmam. Evlat hep kavga eder benimle baba neden Windows Phone diye. IPhone da kullanabilirim AMA profesyonel yaz\u0131l\u0131m eksikli\u011fi. G\u00fcvenlik a\u00e7\u0131s\u0131ndan ikisi de e\u015fde\u011ferde. Hatta Appel bir ad\u0131m \u00f6nde. Buna ra\u011fmen yan\u0131mda, cebimde \u00f6yle bilgiler ta\u015f\u0131yorum ki herkesin eline &hellip; <\/p>\n<p class=\"link-more\"><a href=\"http:\/\/wordpress.gurbuz.net\/?page_id=27\" class=\"more-link\"><span class=\"screen-reader-text\">\u201eBili\u015fim \u2013 \u00c7ok \u00f6nemli l\u00fctfen dikkate al\u0131n\u201c<\/span> weiterlesen<\/a><\/p>\n","protected":false},"author":1,"featured_media":0,"parent":0,"menu_order":0,"comment_status":"closed","ping_status":"closed","template":"","meta":[],"_links":{"self":[{"href":"http:\/\/wordpress.gurbuz.net\/index.php?rest_route=\/wp\/v2\/pages\/27"}],"collection":[{"href":"http:\/\/wordpress.gurbuz.net\/index.php?rest_route=\/wp\/v2\/pages"}],"about":[{"href":"http:\/\/wordpress.gurbuz.net\/index.php?rest_route=\/wp\/v2\/types\/page"}],"author":[{"embeddable":true,"href":"http:\/\/wordpress.gurbuz.net\/index.php?rest_route=\/wp\/v2\/users\/1"}],"replies":[{"embeddable":true,"href":"http:\/\/wordpress.gurbuz.net\/index.php?rest_route=%2Fwp%2Fv2%2Fcomments&post=27"}],"version-history":[{"count":13,"href":"http:\/\/wordpress.gurbuz.net\/index.php?rest_route=\/wp\/v2\/pages\/27\/revisions"}],"predecessor-version":[{"id":5488,"href":"http:\/\/wordpress.gurbuz.net\/index.php?rest_route=\/wp\/v2\/pages\/27\/revisions\/5488"}],"wp:attachment":[{"href":"http:\/\/wordpress.gurbuz.net\/index.php?rest_route=%2Fwp%2Fv2%2Fmedia&parent=27"}],"curies":[{"name":"wp","href":"https:\/\/api.w.org\/{rel}","templated":true}]}}