{"id":15752,"date":"2018-12-06T19:28:51","date_gmt":"2018-12-06T19:28:51","guid":{"rendered":"http:\/\/wordpress.gurbuz.net\/?page_id=15752"},"modified":"2019-01-29T07:25:47","modified_gmt":"2019-01-29T07:25:47","slug":"guencel-siyaset-ve-ekonomi","status":"publish","type":"page","link":"http:\/\/wordpress.gurbuz.net\/?page_id=15752","title":{"rendered":"G\u00fcncel siyaset ve ekonomi"},"content":{"rendered":"<p><strong>Bas\u0131nda bug\u00fcn<\/strong><\/p>\n<p><a href=\"https:\/\/www.haberler.com\/gazeteler\/\" rel=\"noopener\" target=\"_blank\">Haberler.com<\/a><br \/>\n<a href=\"http:\/\/t24.com.tr\/basin\" rel=\"noopener\" target=\"_blank\">T24<\/a><br \/>\n<a href=\"https:\/\/www.star.com.tr\/gazete-mansetleri\/sabah\/\" rel=\"noopener\" target=\"_blank\">Demir\u00f6ren Tayyip gazeteleri<\/a><br \/>\n<a href=\"https:\/\/www.gazeteoku.com\/gazeteler\" rel=\"noopener\" target=\"_blank\">Gazete oku<\/a><\/p>\n<p><strong>Ekonomi<\/strong><\/p>\n<p><a href=\"https:\/\/www.aksam.com.tr\/ekonomi\/\" rel=\"noopener\" target=\"_blank\">Ak\u015fam<\/a><br \/>\n<a href=\"https:\/\/www.bbc.com\/turkce\/topics\/ca170ae3-99c1-48db-9b67-2866f85e7342\" rel=\"noopener\" target=\"_blank\">BBC<\/a><br \/>\n<a href=\"https:\/\/www.birgun.net\/ekonomi\" rel=\"noopener\" target=\"_blank\">Birg\u00fcn<\/a><br \/>\n<a href=\"https:\/\/www.bloomberght.com\/\" rel=\"noopener\" target=\"_blank\">Bloomberg<\/a><br \/>\n<a href=\"http:\/\/www.cumhuriyet.com.tr\/bolum\/6\/ekonomi.html#\" rel=\"noopener\" target=\"_blank\">Cumhuriyet<\/a><br \/>\n<a href=\"https:\/\/www.dunya.com\/\" rel=\"noopener\" target=\"_blank\">D\u00fcnya<\/a><br \/>\n<a href=\"http:\/\/www.ekonomikgundemgazetesi.com\/category\/ekonomi\" rel=\"noopener\" target=\"_blank\">ekonomik g\u00fcndem<\/a><br \/>\n<a href=\"http:\/\/www.gunes.com\/ekonomi\/\" rel=\"noopener\" target=\"_blank\">G\u00fcne\u015f <\/a><br \/>\n<a href=\"http:\/\/www.hurriyet.com.tr\/ekonomi\/\" rel=\"noopener\" target=\"_blank\">H\u00fcrriyet<\/a><br \/>\n<a href=\"http:\/\/www.milliyet.com.tr\/ekonomi\/\" rel=\"noopener\" target=\"_blank\">Milliyet<\/a><br \/>\n<a href=\"https:\/\/www.sabah.com.tr\/ekonomi\" rel=\"noopener\" target=\"_blank\">Sabah<\/a><br \/>\n<a href=\"https:\/\/www.sozcu.com.tr\/kategori\/ekonomi\/\" rel=\"noopener\" target=\"_blank\">S\u00f6zc\u00fc<\/a><br \/>\n<a href=\"https:\/\/www.takvim.com.tr\/ekonomi\" rel=\"noopener\" target=\"_blank\">Tavim<\/a><br \/>\n<a href=\"https:\/\/www.turkiyegazetesi.com.tr\/ekonomi\" rel=\"noopener\" target=\"_blank\">T\u00fcrkiye<\/a><br \/>\n<a href=\"http:\/\/www.gazetevatan.com\/ekonomi\/\" rel=\"noopener\" target=\"_blank\">Vatan<\/a><br \/>\n<a href=\"https:\/\/www.yenisafak.com\/turkiyeekonomisi\" rel=\"noopener\" target=\"_blank\">Yeni \u015eafak<\/a><\/p>\n<p><strong>Grafikler, bir resim (chart) bin kelimeye bedel:<\/strong><\/p>\n<p><a href=\"https:\/\/tr.tradingview.com\/symbols\/USDTRY\/\" rel=\"noopener\" target=\"_blank\">ABD Dolar\u0131 \/ T\u00fcrk Liras\u0131<\/a><br \/>\n<a href=\"https:\/\/tr.tradingview.com\/symbols\/EURTRY\/\" rel=\"noopener\" target=\"_blank\">Euro \/ T\u00fcrk Liras\u0131<\/a><br \/>\n<a href=\"https:\/\/tr.tradingview.com\/symbols\/EURUSD\/\" rel=\"noopener\" target=\"_blank\">Euro \/ ABD Dolar\u0131<\/a><\/p>\n<p>Bir tez\u2026<br \/>\nEkonomi gazetecili\u011fi \u00fczerine(!)<br \/>\n<a href=\"http:\/\/acikerisim.selcuk.edu.tr:8080\/xmlui\/bitstream\/handle\/123456789\/9970\/218660.pdf?sequence=1&#038;isAllowed=y\" rel=\"noopener\" target=\"_blank\">ilgilenenler i\u00e7in Oku<\/a><br \/>\nYine \u00fczerinde kafa yormak isteyenler i\u00e7in, bas\u0131n\u0131n \u00f6nemi ve \u00e7e\u015fitlili\u011fi, her \u015feyden evvel haber yaparken sorumlulu\u011fu gere\u011fi yay\u0131nlanacak her kelimenin mant\u0131k s\u00fczgecinden ge\u00e7me gereklili\u011fi!<\/p>\n<p>T\u00fcrk bas\u0131n\u0131nda insan genom projesi, bir Ankara \u00dcniversitesi \u00e7al\u0131\u015fmas\u0131<br \/>\n<a href=\"http:\/\/kitaplar.ankara.edu.tr\/dosyalar\/pdf\/367.pdf\" rel=\"noopener\" target=\"_blank\">oku<\/a><\/p>\n<p><a href=\"https:\/\/www.gazeteduvar.com.tr\/v1\/ekonomi\/\" rel=\"noopener\" target=\"_blank\">duvaR<\/a><br \/>\n<a href=\"http:\/\/www.fortuneturkey.com\/\" rel=\"noopener\" target=\"_blank\">Fortune<\/a><\/p>\n","protected":false},"excerpt":{"rendered":"<p>Bas\u0131nda bug\u00fcn Haberler.com T24 Demir\u00f6ren Tayyip gazeteleri Gazete oku Ekonomi Ak\u015fam BBC Birg\u00fcn Bloomberg Cumhuriyet D\u00fcnya ekonomik g\u00fcndem G\u00fcne\u015f H\u00fcrriyet Milliyet Sabah S\u00f6zc\u00fc Tavim T\u00fcrkiye Vatan Yeni \u015eafak Grafikler, bir resim (chart) bin kelimeye bedel: ABD Dolar\u0131 \/ T\u00fcrk Liras\u0131 Euro \/ T\u00fcrk Liras\u0131 Euro \/ ABD Dolar\u0131 Bir tez\u2026 Ekonomi gazetecili\u011fi \u00fczerine(!) ilgilenenler i\u00e7in &hellip; <\/p>\n<p class=\"link-more\"><a href=\"http:\/\/wordpress.gurbuz.net\/?page_id=15752\" class=\"more-link\"><span class=\"screen-reader-text\">\u201eG\u00fcncel siyaset ve ekonomi\u201c<\/span> weiterlesen<\/a><\/p>\n","protected":false},"author":1,"featured_media":0,"parent":0,"menu_order":0,"comment_status":"closed","ping_status":"closed","template":"","meta":[],"_links":{"self":[{"href":"http:\/\/wordpress.gurbuz.net\/index.php?rest_route=\/wp\/v2\/pages\/15752"}],"collection":[{"href":"http:\/\/wordpress.gurbuz.net\/index.php?rest_route=\/wp\/v2\/pages"}],"about":[{"href":"http:\/\/wordpress.gurbuz.net\/index.php?rest_route=\/wp\/v2\/types\/page"}],"author":[{"embeddable":true,"href":"http:\/\/wordpress.gurbuz.net\/index.php?rest_route=\/wp\/v2\/users\/1"}],"replies":[{"embeddable":true,"href":"http:\/\/wordpress.gurbuz.net\/index.php?rest_route=%2Fwp%2Fv2%2Fcomments&post=15752"}],"version-history":[{"count":18,"href":"http:\/\/wordpress.gurbuz.net\/index.php?rest_route=\/wp\/v2\/pages\/15752\/revisions"}],"predecessor-version":[{"id":18007,"href":"http:\/\/wordpress.gurbuz.net\/index.php?rest_route=\/wp\/v2\/pages\/15752\/revisions\/18007"}],"wp:attachment":[{"href":"http:\/\/wordpress.gurbuz.net\/index.php?rest_route=%2Fwp%2Fv2%2Fmedia&parent=15752"}],"curies":[{"name":"wp","href":"https:\/\/api.w.org\/{rel}","templated":true}]}}